{"id":46,"date":"2014-04-18T09:02:12","date_gmt":"2014-04-18T07:02:12","guid":{"rendered":"http:\/\/www.visureitalia.com\/smartfocus\/?page_id=46"},"modified":"2022-01-26T19:02:18","modified_gmt":"2022-01-26T18:02:18","slug":"home","status":"publish","type":"page","link":"https:\/\/www.visureitalia.com\/smartfocus\/","title":{"rendered":"Home"},"content":{"rendered":"","protected":false},"excerpt":{"rendered":"","protected":false},"author":9,"featured_media":0,"parent":0,"menu_order":0,"comment_status":"closed","ping_status":"closed","template":"page-homepage.php","meta":{"_uag_custom_page_level_css":"","_monsterinsights_skip_tracking":false,"_monsterinsights_sitenote_active":false,"_monsterinsights_sitenote_note":"","_monsterinsights_sitenote_category":0,"footnotes":""},"class_list":["post-46","page","type-page","status-publish","hentry"],"yoast_head":"<!-- This site is optimized with the Yoast SEO plugin v27.3 - https:\/\/yoast.com\/product\/yoast-seo-wordpress\/ -->\n<title>Blog di Economia e Attualit\u00e0 Economica di VisureItalia | SmartFocus<\/title>\n<meta name=\"description\" content=\"SmartFocus \u00e8 il blog di economia, di attualit\u00e0 fiscale e tributaria di Visureitalia.com dedicato a chi si tiene aggiornato sui cambiamenti e le novit\u00e0 di settore!\" \/>\n<meta name=\"robots\" content=\"index, follow, max-snippet:-1, max-image-preview:large, max-video-preview:-1, noodp, noydir\" \/>\n<link rel=\"canonical\" href=\"https:\/\/www.visureitalia.com\/smartfocus\/\" \/>\n<meta property=\"og:locale\" content=\"it_IT\" \/>\n<meta property=\"og:type\" content=\"article\" \/>\n<meta property=\"og:title\" content=\"Blog di Economia e Attualit\u00e0 Economica di VisureItalia | SmartFocus\" \/>\n<meta property=\"og:description\" content=\"SmartFocus \u00e8 il blog di economia, di attualit\u00e0 fiscale e tributaria di Visureitalia.com dedicato a chi si tiene aggiornato sui cambiamenti e le novit\u00e0 di settore!\" \/>\n<meta property=\"og:url\" content=\"https:\/\/www.visureitalia.com\/smartfocus\/\" \/>\n<meta property=\"og:site_name\" content=\"Smart Focus\" \/>\n<meta property=\"article:publisher\" content=\"https:\/\/www.facebook.com\/VisureItalia\" \/>\n<meta property=\"article:modified_time\" content=\"2022-01-26T18:02:18+00:00\" \/>\n<meta name=\"twitter:card\" content=\"summary_large_image\" \/>\n<meta name=\"twitter:site\" content=\"@visureitaliacom\" \/>\n<script type=\"application\/ld+json\" class=\"yoast-schema-graph\">{\"@context\":\"https:\\\/\\\/schema.org\",\"@graph\":[{\"@type\":\"WebPage\",\"@id\":\"https:\\\/\\\/www.visureitalia.com\\\/smartfocus\\\/\",\"url\":\"https:\\\/\\\/www.visureitalia.com\\\/smartfocus\\\/\",\"name\":\"Blog di Economia e Attualit\u00e0 Economica di VisureItalia | SmartFocus\",\"isPartOf\":{\"@id\":\"https:\\\/\\\/www.visureitalia.com\\\/smartfocus\\\/#website\"},\"datePublished\":\"2014-04-18T07:02:12+00:00\",\"dateModified\":\"2022-01-26T18:02:18+00:00\",\"description\":\"SmartFocus \u00e8 il blog di economia, di attualit\u00e0 fiscale e tributaria di Visureitalia.com dedicato a chi si tiene aggiornato sui cambiamenti e le novit\u00e0 di settore!\",\"breadcrumb\":{\"@id\":\"https:\\\/\\\/www.visureitalia.com\\\/smartfocus\\\/#breadcrumb\"},\"inLanguage\":\"it-IT\",\"potentialAction\":[{\"@type\":\"ReadAction\",\"target\":[\"https:\\\/\\\/www.visureitalia.com\\\/smartfocus\\\/\"]}]},{\"@type\":\"BreadcrumbList\",\"@id\":\"https:\\\/\\\/www.visureitalia.com\\\/smartfocus\\\/#breadcrumb\",\"itemListElement\":[{\"@type\":\"ListItem\",\"position\":1,\"name\":\"Home\",\"item\":\"https:\\\/\\\/www.visureitalia.com\\\/smartfocus\\\/\"},{\"@type\":\"ListItem\",\"position\":2,\"name\":\"Home\"}]},{\"@type\":\"WebSite\",\"@id\":\"https:\\\/\\\/www.visureitalia.com\\\/smartfocus\\\/#website\",\"url\":\"https:\\\/\\\/www.visureitalia.com\\\/smartfocus\\\/\",\"name\":\"Smart Focus\",\"description\":\"Blog di attualit\u00e0 economica, fiscale e tributaria\",\"publisher\":{\"@id\":\"https:\\\/\\\/www.visureitalia.com\\\/smartfocus\\\/#organization\"},\"potentialAction\":[{\"@type\":\"SearchAction\",\"target\":{\"@type\":\"EntryPoint\",\"urlTemplate\":\"https:\\\/\\\/www.visureitalia.com\\\/smartfocus\\\/?s={search_term_string}\"},\"query-input\":{\"@type\":\"PropertyValueSpecification\",\"valueRequired\":true,\"valueName\":\"search_term_string\"}}],\"inLanguage\":\"it-IT\"},{\"@type\":\"Organization\",\"@id\":\"https:\\\/\\\/www.visureitalia.com\\\/smartfocus\\\/#organization\",\"name\":\"VisureItalia\",\"url\":\"https:\\\/\\\/www.visureitalia.com\\\/smartfocus\\\/\",\"logo\":{\"@type\":\"ImageObject\",\"inLanguage\":\"it-IT\",\"@id\":\"https:\\\/\\\/www.visureitalia.com\\\/smartfocus\\\/#\\\/schema\\\/logo\\\/image\\\/\",\"url\":\"https:\\\/\\\/www.visureitalia.com\\\/smartfocus\\\/wp-content\\\/uploads\\\/2019\\\/05\\\/Visure-Italia-logo-orizz-01.jpg\",\"contentUrl\":\"https:\\\/\\\/www.visureitalia.com\\\/smartfocus\\\/wp-content\\\/uploads\\\/2019\\\/05\\\/Visure-Italia-logo-orizz-01.jpg\",\"width\":1767,\"height\":330,\"caption\":\"VisureItalia\"},\"image\":{\"@id\":\"https:\\\/\\\/www.visureitalia.com\\\/smartfocus\\\/#\\\/schema\\\/logo\\\/image\\\/\"},\"sameAs\":[\"https:\\\/\\\/www.facebook.com\\\/VisureItalia\",\"https:\\\/\\\/x.com\\\/visureitaliacom\",\"https:\\\/\\\/www.linkedin.com\\\/company\\\/visureitalia-com\\\/\"]}]}<\/script>\n<!-- \/ Yoast SEO plugin. -->","yoast_head_json":{"title":"Blog di Economia e Attualit\u00e0 Economica di VisureItalia | SmartFocus","description":"SmartFocus \u00e8 il blog di economia, di attualit\u00e0 fiscale e tributaria di Visureitalia.com dedicato a chi si tiene aggiornato sui cambiamenti e le novit\u00e0 di settore!","robots":{"index":"index","follow":"follow","max-snippet":"max-snippet:-1","max-image-preview":"max-image-preview:large","max-video-preview":"max-video-preview:-1","odp":"noodp","ydir":"noydir"},"canonical":"https:\/\/www.visureitalia.com\/smartfocus\/","og_locale":"it_IT","og_type":"article","og_title":"Blog di Economia e Attualit\u00e0 Economica di VisureItalia | SmartFocus","og_description":"SmartFocus \u00e8 il blog di economia, di attualit\u00e0 fiscale e tributaria di Visureitalia.com dedicato a chi si tiene aggiornato sui cambiamenti e le novit\u00e0 di settore!","og_url":"https:\/\/www.visureitalia.com\/smartfocus\/","og_site_name":"Smart Focus","article_publisher":"https:\/\/www.facebook.com\/VisureItalia","article_modified_time":"2022-01-26T18:02:18+00:00","twitter_card":"summary_large_image","twitter_site":"@visureitaliacom","schema":{"@context":"https:\/\/schema.org","@graph":[{"@type":"WebPage","@id":"https:\/\/www.visureitalia.com\/smartfocus\/","url":"https:\/\/www.visureitalia.com\/smartfocus\/","name":"Blog di Economia e Attualit\u00e0 Economica di VisureItalia | SmartFocus","isPartOf":{"@id":"https:\/\/www.visureitalia.com\/smartfocus\/#website"},"datePublished":"2014-04-18T07:02:12+00:00","dateModified":"2022-01-26T18:02:18+00:00","description":"SmartFocus \u00e8 il blog di economia, di attualit\u00e0 fiscale e tributaria di Visureitalia.com dedicato a chi si tiene aggiornato sui cambiamenti e le novit\u00e0 di settore!","breadcrumb":{"@id":"https:\/\/www.visureitalia.com\/smartfocus\/#breadcrumb"},"inLanguage":"it-IT","potentialAction":[{"@type":"ReadAction","target":["https:\/\/www.visureitalia.com\/smartfocus\/"]}]},{"@type":"BreadcrumbList","@id":"https:\/\/www.visureitalia.com\/smartfocus\/#breadcrumb","itemListElement":[{"@type":"ListItem","position":1,"name":"Home","item":"https:\/\/www.visureitalia.com\/smartfocus\/"},{"@type":"ListItem","position":2,"name":"Home"}]},{"@type":"WebSite","@id":"https:\/\/www.visureitalia.com\/smartfocus\/#website","url":"https:\/\/www.visureitalia.com\/smartfocus\/","name":"Smart Focus","description":"Blog di attualit\u00e0 economica, fiscale e tributaria","publisher":{"@id":"https:\/\/www.visureitalia.com\/smartfocus\/#organization"},"potentialAction":[{"@type":"SearchAction","target":{"@type":"EntryPoint","urlTemplate":"https:\/\/www.visureitalia.com\/smartfocus\/?s={search_term_string}"},"query-input":{"@type":"PropertyValueSpecification","valueRequired":true,"valueName":"search_term_string"}}],"inLanguage":"it-IT"},{"@type":"Organization","@id":"https:\/\/www.visureitalia.com\/smartfocus\/#organization","name":"VisureItalia","url":"https:\/\/www.visureitalia.com\/smartfocus\/","logo":{"@type":"ImageObject","inLanguage":"it-IT","@id":"https:\/\/www.visureitalia.com\/smartfocus\/#\/schema\/logo\/image\/","url":"https:\/\/www.visureitalia.com\/smartfocus\/wp-content\/uploads\/2019\/05\/Visure-Italia-logo-orizz-01.jpg","contentUrl":"https:\/\/www.visureitalia.com\/smartfocus\/wp-content\/uploads\/2019\/05\/Visure-Italia-logo-orizz-01.jpg","width":1767,"height":330,"caption":"VisureItalia"},"image":{"@id":"https:\/\/www.visureitalia.com\/smartfocus\/#\/schema\/logo\/image\/"},"sameAs":["https:\/\/www.facebook.com\/VisureItalia","https:\/\/x.com\/visureitaliacom","https:\/\/www.linkedin.com\/company\/visureitalia-com\/"]}]}},"uagb_featured_image_src":{"full":false,"thumbnail":false,"medium":false,"medium_large":false,"large":false,"1536x1536":false,"2048x2048":false,"widget-thumb":false,"str-background":false,"str-gallery-big":false,"copertina-pagina":false,"stramo-large":false,"stramo-standard":false,"stramo-medium":false,"stramo-small":false,"stramo-square-large":false,"stramo-square-medium":false,"stramo-square-small":false,"stramo-square-xs":false,"gform-image-choice-sm":false,"gform-image-choice-md":false,"gform-image-choice-lg":false},"uagb_author_info":{"display_name":"Redazione","author_link":"https:\/\/www.visureitalia.com\/smartfocus\/author\/redazione\/"},"uagb_comment_info":10,"uagb_excerpt":null,"_links":{"self":[{"href":"https:\/\/www.visureitalia.com\/smartfocus\/wp-json\/wp\/v2\/pages\/46","targetHints":{"allow":["GET"]}}],"collection":[{"href":"https:\/\/www.visureitalia.com\/smartfocus\/wp-json\/wp\/v2\/pages"}],"about":[{"href":"https:\/\/www.visureitalia.com\/smartfocus\/wp-json\/wp\/v2\/types\/page"}],"author":[{"embeddable":true,"href":"https:\/\/www.visureitalia.com\/smartfocus\/wp-json\/wp\/v2\/users\/9"}],"replies":[{"embeddable":true,"href":"https:\/\/www.visureitalia.com\/smartfocus\/wp-json\/wp\/v2\/comments?post=46"}],"version-history":[{"count":1,"href":"https:\/\/www.visureitalia.com\/smartfocus\/wp-json\/wp\/v2\/pages\/46\/revisions"}],"predecessor-version":[{"id":48,"href":"https:\/\/www.visureitalia.com\/smartfocus\/wp-json\/wp\/v2\/pages\/46\/revisions\/48"}],"wp:attachment":[{"href":"https:\/\/www.visureitalia.com\/smartfocus\/wp-json\/wp\/v2\/media?parent=46"}],"curies":[{"name":"wp","href":"https:\/\/api.w.org\/{rel}","templated":true}]}}